{"id":1438,"date":"2020-11-12T14:48:34","date_gmt":"2020-11-12T14:48:34","guid":{"rendered":"https:\/\/startertemplatecloud.com\/g01\/?page_id=1438"},"modified":"2023-10-07T05:52:20","modified_gmt":"2023-10-07T03:52:20","slug":"impact","status":"publish","type":"page","link":"http:\/\/wemaat.co\/index.php\/impact\/","title":{"rendered":"MAAT Impact"},"content":{"rendered":"<style>.kb-row-layout-id1438_8723d7-b8 > .kt-row-column-wrap{align-content:start;}:where(.kb-row-layout-id1438_8723d7-b8 > .kt-row-column-wrap) > .wp-block-kadence-column{justify-content:start;}.kb-row-layout-id1438_8723d7-b8 > .kt-row-column-wrap{column-gap:var(--global-kb-gap-md, 2rem);row-gap:var(--global-kb-gap-md, 2rem);max-width:var( --global-content-width, 1290px );padding-left:var(--global-content-edge-padding);padding-right:var(--global-content-edge-padding);padding-top:200px;padding-bottom:180px;grid-template-columns:minmax(0, 1fr);}.kb-row-layout-id1438_8723d7-b8{background-image:url('http:\/\/kauttao.com\/wp-content\/uploads\/2023\/09\/pexels-chanaka-906494-scaled.jpg');background-size:cover;background-position:56.99999999999999% 89%;background-attachment:scroll;background-repeat:no-repeat;}.kb-row-layout-id1438_8723d7-b8 > .kt-row-layout-overlay{opacity:0.55;background-color:#242d2d;}@media all and (max-width: 1024px){.kb-row-layout-id1438_8723d7-b8 > .kt-row-column-wrap{grid-template-columns:minmax(0, 1fr);}}@media all and (max-width: 767px){.kb-row-layout-id1438_8723d7-b8 > .kt-row-column-wrap{grid-template-columns:minmax(0, 1fr);}}<\/style><div class=\"kb-row-layout-wrap kb-row-layout-id1438_8723d7-b8 alignnone kt-row-has-bg wp-block-kadence-rowlayout\"><div class=\"kt-row-layout-overlay kt-row-overlay-normal\"><\/div><div class=\"kt-row-column-wrap kt-has-1-columns kt-row-layout-equal kt-tab-layout-inherit kt-mobile-layout-row kt-row-valign-top kb-theme-content-width\">\n<style>.kadence-column1438_754c6c-9d > .kt-inside-inner-col,.kadence-column1438_754c6c-9d > .kt-inside-inner-col:before{border-top-left-radius:0px;border-top-right-radius:0px;border-bottom-right-radius:0px;border-bottom-left-radius:0px;}.kadence-column1438_754c6c-9d > .kt-inside-inner-col:before{opacity:0.3;}.kadence-column1438_754c6c-9d{position:relative;}<\/style>\n<div class=\"wp-block-kadence-column kadence-column1438_754c6c-9d inner-column-1\"><div class=\"kt-inside-inner-col\">\n<h2 class=\"wp-block-heading has-text-align-left has-theme-palette-9-color has-text-color\">Pour une \u00e9conomie \u00e0 impact positif !<\/h2>\n\n\n\n<blockquote class=\"wp-block-quote is-layout-flow wp-block-quote-is-layout-flow\">\n<p class=\"has-theme-palette-9-color has-text-color\">Nous, entrepreneurs et dirigeants, partageons la conviction que nous avons un r\u00f4le et une responsabilit\u00e9 essentiels dans la construction d\u2019une nation \u00e0 impact positif. <\/p>\n<\/blockquote>\n<\/div><\/div>\n\n<\/div><\/div>\n\n<style>.kb-row-layout-wrap.wp-block-kadence-rowlayout.kb-row-layout-id1438_175412-a4{margin-top:var(--global-kb-spacing-md, 2rem);}.kb-row-layout-id1438_175412-a4 > .kt-row-column-wrap{align-content:start;}:where(.kb-row-layout-id1438_175412-a4 > .kt-row-column-wrap) > .wp-block-kadence-column{justify-content:start;}.kb-row-layout-id1438_175412-a4 > .kt-row-column-wrap{column-gap:var(--global-kb-gap-md, 2rem);row-gap:var(--global-kb-gap-md, 2rem);padding-top:var(--global-kb-spacing-sm, 1.5rem);padding-right:var(--global-kb-spacing-5xl, 10rem);padding-bottom:var(--global-kb-spacing-sm, 1.5rem);padding-left:var(--global-kb-spacing-5xl, 10rem);grid-template-columns:minmax(0, 1fr);}.kb-row-layout-id1438_175412-a4 > .kt-row-layout-overlay{opacity:0.30;}@media all and (max-width: 1024px){.kb-row-layout-id1438_175412-a4 > .kt-row-column-wrap{grid-template-columns:minmax(0, 1fr);}}@media all and (max-width: 767px){.kb-row-layout-id1438_175412-a4 > .kt-row-column-wrap{grid-template-columns:minmax(0, 1fr);}}<\/style><div class=\"kb-row-layout-wrap kb-row-layout-id1438_175412-a4 alignnone wp-block-kadence-rowlayout\"><div class=\"kt-row-column-wrap kt-has-1-columns kt-row-layout-equal kt-tab-layout-inherit kt-mobile-layout-row kt-row-valign-top\">\n<style>.kadence-column1438_d159f7-7c > .kt-inside-inner-col,.kadence-column1438_d159f7-7c > .kt-inside-inner-col:before{border-top-left-radius:0px;border-top-right-radius:0px;border-bottom-right-radius:0px;border-bottom-left-radius:0px;}.kadence-column1438_d159f7-7c > .kt-inside-inner-col:before{opacity:0.3;}.kadence-column1438_d159f7-7c{position:relative;}<\/style>\n<div class=\"wp-block-kadence-column kadence-column1438_d159f7-7c\"><div class=\"kt-inside-inner-col\"><style>.kb-row-layout-id1438_1d7b76-e9 > .kt-row-column-wrap{align-content:start;}:where(.kb-row-layout-id1438_1d7b76-e9 > .kt-row-column-wrap) > .wp-block-kadence-column{justify-content:start;}.kb-row-layout-id1438_1d7b76-e9 > .kt-row-column-wrap{column-gap:var(--global-kb-gap-lg, 4rem);row-gap:var(--global-kb-gap-md, 2rem);padding-top:var(--global-kb-spacing-sm, 1.5rem);padding-bottom:var(--global-kb-spacing-sm, 1.5rem);grid-template-columns:repeat(2, minmax(0, 1fr));}.kb-row-layout-id1438_1d7b76-e9 > .kt-row-layout-overlay{opacity:0.30;}@media all and (max-width: 1024px){.kb-row-layout-id1438_1d7b76-e9 > .kt-row-column-wrap{grid-template-columns:repeat(2, minmax(0, 1fr));}}@media all and (max-width: 767px){.kb-row-layout-id1438_1d7b76-e9 > .kt-row-column-wrap{grid-template-columns:minmax(0, 1fr);}}<\/style><div class=\"kb-row-layout-wrap kb-row-layout-id1438_1d7b76-e9 alignnone row-align-items-center wp-block-kadence-rowlayout\"><div class=\"kt-row-column-wrap kt-has-2-columns kt-row-layout-equal kt-tab-layout-inherit kt-mobile-layout-row kt-row-valign-top\">\n<style>.kadence-column1438_a117f6-a0 > .kt-inside-inner-col,.kadence-column1438_a117f6-a0 > .kt-inside-inner-col:before{border-top-left-radius:0px;border-top-right-radius:0px;border-bottom-right-radius:0px;border-bottom-left-radius:0px;}.kadence-column1438_a117f6-a0 > .kt-inside-inner-col:before{opacity:0.3;}.kadence-column1438_a117f6-a0{position:relative;}<\/style>\n<div class=\"wp-block-kadence-column kadence-column1438_a117f6-a0\"><div class=\"kt-inside-inner-col\">\n<h2 class=\"wp-block-heading\">Maat Impact, pour un entrepreneuriat responsable et inclusif<\/h2>\n\n\n\n<p>Depuis 2023, Maat Impact accompagne les entrepreneurs \u00e0 impact de l\u2019id\u00e9e \u00e0 la premi\u00e8re lev\u00e9e de fonds, en particulier les publics issus de la diversit\u00e9.<\/p>\n\n\n\n<p><\/p>\n<\/div><\/div>\n\n\n<style>.kadence-column1438_778ab5-cc > .kt-inside-inner-col,.kadence-column1438_778ab5-cc > .kt-inside-inner-col:before{border-top-left-radius:0px;border-top-right-radius:0px;border-bottom-right-radius:0px;border-bottom-left-radius:0px;}.kadence-column1438_778ab5-cc > .kt-inside-inner-col:before{opacity:0.3;}.kadence-column1438_778ab5-cc{position:relative;}<\/style>\n<div class=\"wp-block-kadence-column kadence-column1438_778ab5-cc\"><div class=\"kt-inside-inner-col\">\n<figure class=\"wp-block-image size-large\"><img loading=\"lazy\" decoding=\"async\" width=\"683\" height=\"1024\" src=\"https:\/\/kauttao.com\/wp-content\/uploads\/2023\/09\/pexels-tony-s-zohari-16594545-683x1024.jpg\" alt=\"\" class=\"wp-image-1865\" srcset=\"http:\/\/wemaat.co\/wp-content\/uploads\/2023\/09\/pexels-tony-s-zohari-16594545-683x1024.jpg 683w, http:\/\/wemaat.co\/wp-content\/uploads\/2023\/09\/pexels-tony-s-zohari-16594545-200x300.jpg 200w, http:\/\/wemaat.co\/wp-content\/uploads\/2023\/09\/pexels-tony-s-zohari-16594545-768x1152.jpg 768w, http:\/\/wemaat.co\/wp-content\/uploads\/2023\/09\/pexels-tony-s-zohari-16594545-1024x1536.jpg 1024w, http:\/\/wemaat.co\/wp-content\/uploads\/2023\/09\/pexels-tony-s-zohari-16594545-1365x2048.jpg 1365w, http:\/\/wemaat.co\/wp-content\/uploads\/2023\/09\/pexels-tony-s-zohari-16594545-scaled.jpg 1707w\" sizes=\"auto, (max-width: 683px) 100vw, 683px\" \/><\/figure>\n<\/div><\/div>\n\n<\/div><\/div>\n\n<style>.kb-row-layout-id1438_fd0828-ca > .kt-row-column-wrap{align-content:start;}:where(.kb-row-layout-id1438_fd0828-ca > .kt-row-column-wrap) > .wp-block-kadence-column{justify-content:start;}.kb-row-layout-id1438_fd0828-ca > .kt-row-column-wrap{column-gap:var(--global-kb-gap-lg, 4rem);row-gap:var(--global-kb-gap-md, 2rem);padding-top:var(--global-kb-spacing-sm, 1.5rem);padding-bottom:var(--global-kb-spacing-sm, 1.5rem);grid-template-columns:repeat(2, minmax(0, 1fr));}.kb-row-layout-id1438_fd0828-ca > .kt-row-layout-overlay{opacity:0.30;}@media all and (max-width: 1024px){.kb-row-layout-id1438_fd0828-ca > .kt-row-column-wrap{grid-template-columns:repeat(2, minmax(0, 1fr));}}@media all and (max-width: 767px){.kb-row-layout-id1438_fd0828-ca > .kt-row-column-wrap{grid-template-columns:minmax(0, 1fr);}}<\/style><div class=\"kb-row-layout-wrap kb-row-layout-id1438_fd0828-ca alignnone row-align-items-center wp-block-kadence-rowlayout\"><div class=\"kt-row-column-wrap kt-has-2-columns kt-row-layout-equal kt-tab-layout-inherit kt-mobile-layout-row kt-row-valign-top\">\n<style>.kadence-column1438_99b084-d0 > .kt-inside-inner-col,.kadence-column1438_99b084-d0 > .kt-inside-inner-col:before{border-top-left-radius:0px;border-top-right-radius:0px;border-bottom-right-radius:0px;border-bottom-left-radius:0px;}.kadence-column1438_99b084-d0 > .kt-inside-inner-col:before{opacity:0.3;}.kadence-column1438_99b084-d0{position:relative;}<\/style>\n<div class=\"wp-block-kadence-column kadence-column1438_99b084-d0\"><div class=\"kt-inside-inner-col\">\n<figure class=\"wp-block-image size-large\"><img loading=\"lazy\" decoding=\"async\" width=\"683\" height=\"1024\" src=\"https:\/\/kauttao.com\/wp-content\/uploads\/2023\/09\/pexels-anna-shvets-3727690-683x1024.jpg\" alt=\"\" class=\"wp-image-1868\" srcset=\"http:\/\/wemaat.co\/wp-content\/uploads\/2023\/09\/pexels-anna-shvets-3727690-683x1024.jpg 683w, http:\/\/wemaat.co\/wp-content\/uploads\/2023\/09\/pexels-anna-shvets-3727690-200x300.jpg 200w, http:\/\/wemaat.co\/wp-content\/uploads\/2023\/09\/pexels-anna-shvets-3727690-768x1152.jpg 768w, http:\/\/wemaat.co\/wp-content\/uploads\/2023\/09\/pexels-anna-shvets-3727690-1024x1536.jpg 1024w, http:\/\/wemaat.co\/wp-content\/uploads\/2023\/09\/pexels-anna-shvets-3727690-1365x2048.jpg 1365w, http:\/\/wemaat.co\/wp-content\/uploads\/2023\/09\/pexels-anna-shvets-3727690-scaled.jpg 1707w\" sizes=\"auto, (max-width: 683px) 100vw, 683px\" \/><\/figure>\n<\/div><\/div>\n\n\n<style>.kadence-column1438_884eda-89 > .kt-inside-inner-col,.kadence-column1438_884eda-89 > .kt-inside-inner-col:before{border-top-left-radius:0px;border-top-right-radius:0px;border-bottom-right-radius:0px;border-bottom-left-radius:0px;}.kadence-column1438_884eda-89 > .kt-inside-inner-col:before{opacity:0.3;}.kadence-column1438_884eda-89{position:relative;}<\/style>\n<div class=\"wp-block-kadence-column kadence-column1438_884eda-89\"><div class=\"kt-inside-inner-col\">\n<h2 class=\"wp-block-heading\">Faire une place aux femmes<\/h2>\n\n\n\n<p>Maat Impact ambitionne \u00e0 faire \u00e9merger une \u00e9conomie \u00e0 impact forte et repr\u00e9sentative de la soci\u00e9t\u00e9, avec des profils d\u2019entrepreneurs divers et vari\u00e9s, notamment les femmes.<\/p>\n<\/div><\/div>\n\n<\/div><\/div><\/div><\/div>\n\n<\/div><\/div>","protected":false},"excerpt":{"rendered":"<p>Pour une \u00e9conomie \u00e0 impact positif ! Nous, entrepreneurs et dirigeants, partageons la conviction que nous avons un r\u00f4le et une responsabilit\u00e9 essentiels dans la construction d\u2019une nation \u00e0 impact positif. Maat Impact, pour un entrepreneuriat responsable et inclusif Depuis 2023, Maat Impact accompagne les entrepreneurs \u00e0 impact de l\u2019id\u00e9e \u00e0 la premi\u00e8re lev\u00e9e de&#8230;<\/p>\n","protected":false},"author":1,"featured_media":1576,"parent":0,"menu_order":0,"comment_status":"closed","ping_status":"closed","template":"","meta":{"_kad_post_transparent":"enable","_kad_post_title":"hide","_kad_post_layout":"fullwidth","_kad_post_sidebar_id":"","_kad_post_content_style":"unboxed","_kad_post_vertical_padding":"hide","_kad_post_feature":"","_kad_post_feature_position":"","_kad_post_header":false,"_kad_post_footer":false,"footnotes":""},"class_list":["post-1438","page","type-page","status-publish","has-post-thumbnail","hentry"],"_links":{"self":[{"href":"http:\/\/wemaat.co\/index.php\/wp-json\/wp\/v2\/pages\/1438","targetHints":{"allow":["GET"]}}],"collection":[{"href":"http:\/\/wemaat.co\/index.php\/wp-json\/wp\/v2\/pages"}],"about":[{"href":"http:\/\/wemaat.co\/index.php\/wp-json\/wp\/v2\/types\/page"}],"author":[{"embeddable":true,"href":"http:\/\/wemaat.co\/index.php\/wp-json\/wp\/v2\/users\/1"}],"replies":[{"embeddable":true,"href":"http:\/\/wemaat.co\/index.php\/wp-json\/wp\/v2\/comments?post=1438"}],"version-history":[{"count":38,"href":"http:\/\/wemaat.co\/index.php\/wp-json\/wp\/v2\/pages\/1438\/revisions"}],"predecessor-version":[{"id":2040,"href":"http:\/\/wemaat.co\/index.php\/wp-json\/wp\/v2\/pages\/1438\/revisions\/2040"}],"wp:featuredmedia":[{"embeddable":true,"href":"http:\/\/wemaat.co\/index.php\/wp-json\/wp\/v2\/media\/1576"}],"wp:attachment":[{"href":"http:\/\/wemaat.co\/index.php\/wp-json\/wp\/v2\/media?parent=1438"}],"curies":[{"name":"wp","href":"https:\/\/api.w.org\/{rel}","templated":true}]}}